{"id":2494,"date":"2024-05-15T16:52:20","date_gmt":"2024-05-15T16:52:20","guid":{"rendered":"https:\/\/violettesignet.com\/?page_id=2494"},"modified":"2026-05-01T10:45:02","modified_gmt":"2026-05-01T10:45:02","slug":"marcapaginas-magneticos","status":"publish","type":"page","link":"https:\/\/violettesignet.com\/en\/marcapaginas-magneticos\/","title":{"rendered":"Marcap\u00e1gins magn\u00e9tic"},"content":{"rendered":"<div data-elementor-type=\"wp-page\" data-elementor-id=\"2494\" class=\"elementor elementor-2494\" data-elementor-post-type=\"page\">\n\t\t\t\t<div class=\"elementor-element elementor-element-9163720 e-flex e-con-boxed e-con e-parent\" data-id=\"9163720\" data-element_type=\"container\" data-e-type=\"container\">\n\t\t\t\t\t<div class=\"e-con-inner\">\n\t\t\t\t<div class=\"elementor-element elementor-element-0b4e56a elementor-widget elementor-widget-image\" data-id=\"0b4e56a\" data-element_type=\"widget\" data-e-type=\"widget\" data-widget_type=\"image.default\">\n\t\t\t\t<div class=\"elementor-widget-container\">\n\t\t\t\t\t\t\t\t\t\t\t\t\t\t\t<img fetchpriority=\"high\" decoding=\"async\" width=\"800\" height=\"166\" src=\"https:\/\/violettesignet.com\/wp-content\/uploads\/2024\/05\/Reviews-removebg-preview-1-1024x213.png\" class=\"attachment-large size-large wp-image-2224\" alt=\"papeleria literaria para lectores con pegatinas para ereader\" srcset=\"https:\/\/violettesignet.com\/wp-content\/uploads\/2024\/05\/Reviews-removebg-preview-1-1024x213.png 1024w, https:\/\/violettesignet.com\/wp-content\/uploads\/2024\/05\/Reviews-removebg-preview-1-400x83.png 400w, https:\/\/violettesignet.com\/wp-content\/uploads\/2024\/05\/Reviews-removebg-preview-1-300x63.png 300w, https:\/\/violettesignet.com\/wp-content\/uploads\/2024\/05\/Reviews-removebg-preview-1-768x160.png 768w, https:\/\/violettesignet.com\/wp-content\/uploads\/2024\/05\/Reviews-removebg-preview-1.png 1094w\" sizes=\"(max-width: 800px) 100vw, 800px\" \/>\t\t\t\t\t\t\t\t\t\t\t\t\t\t\t<\/div>\n\t\t\t\t<\/div>\n\t\t\t\t<div class=\"elementor-element elementor-element-e76d0df elementor-widget elementor-widget-heading\" data-id=\"e76d0df\" data-element_type=\"widget\" data-e-type=\"widget\" data-widget_type=\"heading.default\">\n\t\t\t\t<div class=\"elementor-widget-container\">\n\t\t\t\t\t<h1 class=\"elementor-heading-title elementor-size-default\">Marcap\u00e1ginas magn\u00e9ticos: Dise\u00f1os literarios hechos a mano<\/h1>\t\t\t\t<\/div>\n\t\t\t\t<\/div>\n\t\t\t\t<div class=\"elementor-element elementor-element-93fd7ad elementor-widget elementor-widget-heading\" data-id=\"93fd7ad\" data-element_type=\"widget\" data-e-type=\"widget\" data-widget_type=\"heading.default\">\n\t\t\t\t<div class=\"elementor-widget-container\">\n\t\t\t\t\t<h2 class=\"elementor-heading-title elementor-size-default\"><p data-start=\"188\" data-end=\"680\">Explora nuestra colecci\u00f3n de marcap\u00e1ginas magn\u00e9ticos por categor\u00eda. Aqu\u00ed encontrar\u00e1s una amplia variedad de dise\u00f1os \u00fanicos hechos a mano, inspirados en tus libros, series, pel\u00edculas, videojuegos, anime y cantantes favoritos. Desde personajes de fantas\u00eda hasta h\u00e9roes de la ciencia ficci\u00f3n, cada marcap\u00e1ginas est\u00e1 pensado para darle un toque especial a tu lectura. Descubre modelos \u00fanicos y otros dise\u00f1os que se adaptan a todos los gustos, siempre con la calidad artesanal que nos caracteriza.<\/p><\/h2>\t\t\t\t<\/div>\n\t\t\t\t<\/div>\n\t\t<section class=\"elementor-element elementor-element-3436cd8 e-grid e-con-full e-con e-child\" data-id=\"3436cd8\" data-element_type=\"container\" data-e-type=\"container\">\n\t\t\t\t<div class=\"elementor-element elementor-element-94b423b elementor-widget elementor-widget-image\" data-id=\"94b423b\" data-element_type=\"widget\" data-e-type=\"widget\" data-widget_type=\"image.default\">\n\t\t\t\t<div class=\"elementor-widget-container\">\n\t\t\t\t\t\t\t\t\t\t\t\t<figure class=\"wp-caption\">\n\t\t\t\t\t\t\t\t\t\t\t<a href=\"https:\/\/violettesignet.com\/en\/romance\/\">\n\t\t\t\t\t\t\t<img decoding=\"async\" src=\"https:\/\/violettesignet.com\/wp-content\/uploads\/elementor\/thumbs\/IMG_220776-r93henaevnouw8o61yafrzc9dhbj0bbwen0vi2qh7k.jpg\" title=\"IMG_2207(76)\" alt=\"marcapaginas magneticos\" loading=\"lazy\" \/>\t\t\t\t\t\t\t\t<\/a>\n\t\t\t\t\t\t\t\t\t\t\t<figcaption class=\"widget-image-caption wp-caption-text\">LIBROS<\/figcaption>\n\t\t\t\t\t\t\t\t\t\t<\/figure>\n\t\t\t\t\t\t\t\t\t<\/div>\n\t\t\t\t<\/div>\n\t\t\t\t<div class=\"elementor-element elementor-element-e146828 elementor-widget elementor-widget-image\" data-id=\"e146828\" data-element_type=\"widget\" data-e-type=\"widget\" data-widget_type=\"image.default\">\n\t\t\t\t<div class=\"elementor-widget-container\">\n\t\t\t\t\t\t\t\t\t\t\t\t<figure class=\"wp-caption\">\n\t\t\t\t\t\t\t\t\t\t\t<a href=\"https:\/\/violettesignet.com\/en\/series-tv\/\">\n\t\t\t\t\t\t\t<img decoding=\"async\" src=\"https:\/\/violettesignet.com\/wp-content\/uploads\/elementor\/thumbs\/IMG_220720-1-r94oijroji4lf8g319qwyv4h4e6wi59w3ubotfpq5c.jpg\" title=\"IMG_2207(20)\" alt=\"marcapaginas magneticos\" loading=\"lazy\" \/>\t\t\t\t\t\t\t\t<\/a>\n\t\t\t\t\t\t\t\t\t\t\t<figcaption class=\"widget-image-caption wp-caption-text\">SERIES - TV - VIDEOJUEGOS<\/figcaption>\n\t\t\t\t\t\t\t\t\t\t<\/figure>\n\t\t\t\t\t\t\t\t\t<\/div>\n\t\t\t\t<\/div>\n\t\t\t\t<div class=\"elementor-element elementor-element-2a46f0b elementor-widget elementor-widget-image\" data-id=\"2a46f0b\" data-element_type=\"widget\" data-e-type=\"widget\" data-widget_type=\"image.default\">\n\t\t\t\t<div class=\"elementor-widget-container\">\n\t\t\t\t\t\t\t\t\t\t\t\t<figure class=\"wp-caption\">\n\t\t\t\t\t\t\t\t\t\t\t<a href=\"https:\/\/violettesignet.com\/en\/cantantes\/\">\n\t\t\t\t\t\t\t<img decoding=\"async\" width=\"400\" height=\"400\" src=\"https:\/\/violettesignet.com\/wp-content\/uploads\/2025\/08\/24-400x400.jpg\" class=\"attachment-woocommerce_thumbnail size-woocommerce_thumbnail wp-image-10482\" alt=\"marcapaginas magneticos\" srcset=\"https:\/\/violettesignet.com\/wp-content\/uploads\/2025\/08\/24-400x400.jpg 400w, https:\/\/violettesignet.com\/wp-content\/uploads\/2025\/08\/24-100x100.jpg 100w, https:\/\/violettesignet.com\/wp-content\/uploads\/2025\/08\/24-150x150.jpg 150w, https:\/\/violettesignet.com\/wp-content\/uploads\/2025\/08\/24-50x50.jpg 50w\" sizes=\"(max-width: 400px) 100vw, 400px\" \/>\t\t\t\t\t\t\t\t<\/a>\n\t\t\t\t\t\t\t\t\t\t\t<figcaption class=\"widget-image-caption wp-caption-text\">CANTANTES<\/figcaption>\n\t\t\t\t\t\t\t\t\t\t<\/figure>\n\t\t\t\t\t\t\t\t\t<\/div>\n\t\t\t\t<\/div>\n\t\t\t\t<div class=\"elementor-element elementor-element-1d87119 elementor-widget elementor-widget-image\" data-id=\"1d87119\" data-element_type=\"widget\" data-e-type=\"widget\" data-widget_type=\"image.default\">\n\t\t\t\t<div class=\"elementor-widget-container\">\n\t\t\t\t\t\t\t\t\t\t\t\t<figure class=\"wp-caption\">\n\t\t\t\t\t\t\t\t\t\t\t<a href=\"https:\/\/violettesignet.com\/en\/otros-modelos\/\">\n\t\t\t\t\t\t\t<img decoding=\"async\" width=\"400\" height=\"400\" src=\"https:\/\/violettesignet.com\/wp-content\/uploads\/2025\/08\/IMG_4015-e1772469246284-400x400.jpg\" class=\"attachment-woocommerce_thumbnail size-woocommerce_thumbnail wp-image-11054\" alt=\"marcapaginas magneticos\" srcset=\"https:\/\/violettesignet.com\/wp-content\/uploads\/2025\/08\/IMG_4015-e1772469246284-400x400.jpg 400w, https:\/\/violettesignet.com\/wp-content\/uploads\/2025\/08\/IMG_4015-e1772469246284-100x100.jpg 100w, https:\/\/violettesignet.com\/wp-content\/uploads\/2025\/08\/IMG_4015-e1772469246284-150x150.jpg 150w, https:\/\/violettesignet.com\/wp-content\/uploads\/2025\/08\/IMG_4015-e1772469246284-11x12.jpg 11w\" sizes=\"(max-width: 400px) 100vw, 400px\" \/>\t\t\t\t\t\t\t\t<\/a>\n\t\t\t\t\t\t\t\t\t\t\t<figcaption class=\"widget-image-caption wp-caption-text\">OTROS MODELOS<\/figcaption>\n\t\t\t\t\t\t\t\t\t\t<\/figure>\n\t\t\t\t\t\t\t\t\t<\/div>\n\t\t\t\t<\/div>\n\t\t\t\t<\/section>\n\t\t\t\t\t<\/div>\n\t\t\t\t<\/div>\n\t\t\t\t<\/div>","protected":false},"excerpt":{"rendered":"<p>Marcap\u00e1ginas magn\u00e9ticos: Dise\u00f1os literarios hechos a mano Explora nuestra colecci\u00f3n de marcap\u00e1ginas magn\u00e9ticos por categor\u00eda. Aqu\u00ed encontrar\u00e1s una amplia variedad de dise\u00f1os \u00fanicos hechos a mano, inspirados en tus libros, series, pel\u00edculas, videojuegos, anime y cantantes favoritos. Desde personajes de fantas\u00eda hasta h\u00e9roes de la ciencia ficci\u00f3n, cada marcap\u00e1ginas est\u00e1 pensado para darle un toque [&hellip;]<\/p>\n","protected":false},"author":1,"featured_media":0,"parent":0,"menu_order":0,"comment_status":"closed","ping_status":"closed","template":"","meta":{"footnotes":""},"class_list":["post-2494","page","type-page","status-publish","hentry"],"jetpack_sharing_enabled":true,"_links":{"self":[{"href":"https:\/\/violettesignet.com\/en\/wp-json\/wp\/v2\/pages\/2494","targetHints":{"allow":["GET"]}}],"collection":[{"href":"https:\/\/violettesignet.com\/en\/wp-json\/wp\/v2\/pages"}],"about":[{"href":"https:\/\/violettesignet.com\/en\/wp-json\/wp\/v2\/types\/page"}],"author":[{"embeddable":true,"href":"https:\/\/violettesignet.com\/en\/wp-json\/wp\/v2\/users\/1"}],"replies":[{"embeddable":true,"href":"https:\/\/violettesignet.com\/en\/wp-json\/wp\/v2\/comments?post=2494"}],"version-history":[{"count":44,"href":"https:\/\/violettesignet.com\/en\/wp-json\/wp\/v2\/pages\/2494\/revisions"}],"predecessor-version":[{"id":12576,"href":"https:\/\/violettesignet.com\/en\/wp-json\/wp\/v2\/pages\/2494\/revisions\/12576"}],"wp:attachment":[{"href":"https:\/\/violettesignet.com\/en\/wp-json\/wp\/v2\/media?parent=2494"}],"curies":[{"name":"wp","href":"https:\/\/api.w.org\/{rel}","templated":true}]}}