{"id":11013,"date":"2025-09-24T14:34:17","date_gmt":"2025-09-24T14:34:17","guid":{"rendered":"https:\/\/violettesignet.com\/?post_type=product&#038;p=11013"},"modified":"2026-05-01T12:52:06","modified_gmt":"2026-05-01T12:52:06","slug":"soportes-literarios-de-kindle-acotar-trono-de-cristal-y-alas-de-sangre","status":"publish","type":"product","link":"https:\/\/violettesignet.com\/en\/product\/soportes-literarios-de-kindle-acotar-trono-de-cristal-y-alas-de-sangre\/","title":{"rendered":"Soportes literarios de Kindle (ACOTAR, Tommen, Trono de Cristal y Alas de Sangre)"},"content":{"rendered":"<p data-start=\"281\" data-end=\"331\"><strong data-start=\"281\" data-end=\"329\">\u2139\ufe0f Informaci\u00f3n importante sobre productos 3D<\/strong><\/p>\n<p data-start=\"333\" data-end=\"486\">Todos nuestros dise\u00f1os 3D est\u00e1n impresos en <strong data-start=\"377\" data-end=\"400\">PLA de alta calidad<\/strong>, resistentes y pensados para durar.<br data-start=\"436\" data-end=\"439\" \/>Antes de comprar, ten en cuenta lo siguiente:<\/p>\n<ul data-start=\"488\" data-end=\"1186\">\n<li data-start=\"488\" data-end=\"598\">\n<p data-start=\"490\" data-end=\"598\">\ud83d\udccf El tama\u00f1o es de 5,5x5x4 cm. Puede variar unos mil\u00edmetros seg\u00fan el modelo.<\/p>\n<\/li>\n<li data-start=\"599\" data-end=\"735\">\n<p data-start=\"601\" data-end=\"735\">\ud83c\udfa8 Los colores pueden verse diferentes en persona respecto a lo que ves en pantalla (depende de la calibraci\u00f3n de cada dispositivo).<\/p>\n<\/li>\n<li data-start=\"736\" data-end=\"819\">\n<p data-start=\"738\" data-end=\"819\">\ud83d\udda4 Cada pieza es <strong data-start=\"755\" data-end=\"764\">\u00fanica<\/strong>: no todos los dise\u00f1os van a ser exactamente iguales.<\/p>\n<\/li>\n<li data-start=\"820\" data-end=\"1032\">\n<p data-start=\"822\" data-end=\"1032\">\u2699\ufe0f La impresi\u00f3n 3D <strong data-start=\"841\" data-end=\"886\">siempre deja marcas o l\u00edneas de impresi\u00f3n<\/strong>. Esto es completamente normal y no es un defecto. Algunos dise\u00f1os las disimulan m\u00e1s (ej. el drag\u00f3n por su textura), pero en otros son visibles.<\/p>\n<\/li>\n<li data-start=\"1033\" data-end=\"1112\">\n<p data-start=\"1035\" data-end=\"1112\">\ud83e\udde9 Las piezas encajan perfectamente en su molde y est\u00e1n listas para usarse.<\/p>\n<\/li>\n<li data-start=\"1113\" data-end=\"1186\">\n<p data-start=\"1115\" data-end=\"1186\">\ud83d\udd12 Todos los productos pasan un control de calidad antes de enviarse.<\/p>\n<\/li>\n<\/ul>\n<p data-start=\"1188\" data-end=\"1369\">\ud83d\udc49 Si compras 3D, compras conociendo estas condiciones. No aceptamos reclamaciones por cuestiones propias del proceso de impresi\u00f3n (l\u00edneas, variaciones m\u00ednimas de tama\u00f1o o color).<\/p>\n<p><a href=\"https:\/\/www.instagram.com\/violettesignet\/\" target=\"_blank\" rel=\"noopener\">https:\/\/www.instagram.com\/violettesignet\/<\/a><\/p>\n<p>&nbsp;<\/p>","protected":false},"excerpt":{"rendered":"<p>Tres soportes inspirados en tus sagas favoritas: ACOTAR, Trono de Cristal y Alas de Sangre.<\/p>\n<p>Dise\u00f1os exclusivos para que tus lecturas tengan un lugar tan especial como las historias que amas.<\/p>\n<p data-start=\"938\" data-end=\"1291\">\ud83d\udcf8 Al final encontrar\u00e1s dos fotos con los colores disponibles de impresi\u00f3n.<\/p>","protected":false},"featured_media":10929,"comment_status":"open","ping_status":"closed","template":"","meta":[],"product_brand":[],"product_cat":[124],"product_tag":[27,69,68,26],"class_list":{"0":"post-11013","1":"product","2":"type-product","3":"status-publish","4":"has-post-thumbnail","6":"product_cat-impresion-3d-literaria","7":"product_tag-arte","8":"product_tag-artesanal","9":"product_tag-cuaderno","10":"product_tag-lectura","12":"first","13":"onbackorder","14":"taxable","15":"shipping-taxable","16":"purchasable","17":"product-type-variable"},"jetpack_sharing_enabled":true,"_links":{"self":[{"href":"https:\/\/violettesignet.com\/en\/wp-json\/wp\/v2\/product\/11013","targetHints":{"allow":["GET"]}}],"collection":[{"href":"https:\/\/violettesignet.com\/en\/wp-json\/wp\/v2\/product"}],"about":[{"href":"https:\/\/violettesignet.com\/en\/wp-json\/wp\/v2\/types\/product"}],"replies":[{"embeddable":true,"href":"https:\/\/violettesignet.com\/en\/wp-json\/wp\/v2\/comments?post=11013"}],"version-history":[{"count":3,"href":"https:\/\/violettesignet.com\/en\/wp-json\/wp\/v2\/product\/11013\/revisions"}],"predecessor-version":[{"id":12623,"href":"https:\/\/violettesignet.com\/en\/wp-json\/wp\/v2\/product\/11013\/revisions\/12623"}],"wp:featuredmedia":[{"embeddable":true,"href":"https:\/\/violettesignet.com\/en\/wp-json\/wp\/v2\/media\/10929"}],"wp:attachment":[{"href":"https:\/\/violettesignet.com\/en\/wp-json\/wp\/v2\/media?parent=11013"}],"wp:term":[{"taxonomy":"product_brand","embeddable":true,"href":"https:\/\/violettesignet.com\/en\/wp-json\/wp\/v2\/product_brand?post=11013"},{"taxonomy":"product_cat","embeddable":true,"href":"https:\/\/violettesignet.com\/en\/wp-json\/wp\/v2\/product_cat?post=11013"},{"taxonomy":"product_tag","embeddable":true,"href":"https:\/\/violettesignet.com\/en\/wp-json\/wp\/v2\/product_tag?post=11013"}],"curies":[{"name":"wp","href":"https:\/\/api.w.org\/{rel}","templated":true}]}}