{"id":851,"date":"2024-05-08T17:25:16","date_gmt":"2024-05-08T17:25:16","guid":{"rendered":"https:\/\/violettesignet.com\/?post_type=product&#038;p=851"},"modified":"2026-05-02T17:47:30","modified_gmt":"2026-05-02T17:47:30","slug":"marcapaginas-magnetico-caraval","status":"publish","type":"product","link":"https:\/\/violettesignet.com\/en\/product\/marcapaginas-magnetico-caraval\/","title":{"rendered":"Marcap\u00e1ginas magn\u00e9tico Caraval y OUATABH"},"content":{"rendered":"<p>En <strong>Violette Signet,<\/strong> cada producto es completamente artesanal, desde su idea hasta su producci\u00f3n final. Est\u00e1n dise\u00f1ados y elaborados por nuestro equipo, garantizando as\u00ed exclusividad y calidad en cada pieza.<\/p>\n<ul style=\"text-align: left;\">\n<li>Primero, est\u00e1n impresos en papel fotogr\u00e1fico de alta calidad.<\/li>\n<li>Laminados, con opciones de acabado brillante o mate.<\/li>\n<li>El producto mide 7,5 cm x 4 cm (cuando est\u00e1n plegados) y se extienden hasta los 16 cm.<\/li>\n<li>Como resultado, se une por un im\u00e1n adhesivo en su interior.<\/li>\n<li>Adem\u00e1s, son resistentes al agua y a la exposici\u00f3n solar.<\/li>\n<li><strong>Nota: <\/strong>Los colores pueden cambiar un poco por las fotos o por tu pantalla.<\/li>\n<\/ul>\n<p>Todo lo que hacemos es especial y solo lo encontrar\u00e1s aqu\u00ed, en <strong>Violette Signet<\/strong>.<\/p>\n<p><strong>Descubre la magia de leer con nuestros marcap\u00e1ginas magn\u00e9ticos: \u00a1tu libro nunca perder\u00e1 la p\u00e1gina!<\/strong><\/p>\n<p><a href=\"https:\/\/www.instagram.com\/violettesignet\/\" target=\"_blank\" rel=\"noopener\">https:\/\/www.instagram.com\/violettesignet\/<\/a><\/p>","protected":false},"excerpt":{"rendered":"<p>Marcap\u00e1ginas magn\u00e9tico inspirado en la famosa trilog\u00eda de Caraval y \u00c9rase una vez un coraz\u00f3n roto de Stephanie Garber, ideal para fans de los libros.<\/p>","protected":false},"featured_media":9833,"comment_status":"open","ping_status":"closed","template":"","meta":[],"product_brand":[],"product_cat":[61],"product_tag":[27,26,25,24],"class_list":{"0":"post-851","1":"product","2":"type-product","3":"status-publish","4":"has-post-thumbnail","6":"product_cat-fantasia","7":"product_tag-arte","8":"product_tag-lectura","9":"product_tag-magnetico","10":"product_tag-marcapaginas","12":"first","13":"instock","14":"taxable","15":"shipping-taxable","16":"purchasable","17":"product-type-variable"},"jetpack_sharing_enabled":true,"_links":{"self":[{"href":"https:\/\/violettesignet.com\/en\/wp-json\/wp\/v2\/product\/851","targetHints":{"allow":["GET"]}}],"collection":[{"href":"https:\/\/violettesignet.com\/en\/wp-json\/wp\/v2\/product"}],"about":[{"href":"https:\/\/violettesignet.com\/en\/wp-json\/wp\/v2\/types\/product"}],"replies":[{"embeddable":true,"href":"https:\/\/violettesignet.com\/en\/wp-json\/wp\/v2\/comments?post=851"}],"version-history":[{"count":3,"href":"https:\/\/violettesignet.com\/en\/wp-json\/wp\/v2\/product\/851\/revisions"}],"predecessor-version":[{"id":10086,"href":"https:\/\/violettesignet.com\/en\/wp-json\/wp\/v2\/product\/851\/revisions\/10086"}],"wp:featuredmedia":[{"embeddable":true,"href":"https:\/\/violettesignet.com\/en\/wp-json\/wp\/v2\/media\/9833"}],"wp:attachment":[{"href":"https:\/\/violettesignet.com\/en\/wp-json\/wp\/v2\/media?parent=851"}],"wp:term":[{"taxonomy":"product_brand","embeddable":true,"href":"https:\/\/violettesignet.com\/en\/wp-json\/wp\/v2\/product_brand?post=851"},{"taxonomy":"product_cat","embeddable":true,"href":"https:\/\/violettesignet.com\/en\/wp-json\/wp\/v2\/product_cat?post=851"},{"taxonomy":"product_tag","embeddable":true,"href":"https:\/\/violettesignet.com\/en\/wp-json\/wp\/v2\/product_tag?post=851"}],"curies":[{"name":"wp","href":"https:\/\/api.w.org\/{rel}","templated":true}]}}